{"id":4905,"date":"2023-06-12T00:34:15","date_gmt":"2023-06-12T00:34:15","guid":{"rendered":"http:\/\/vps-3111518-x.dattaweb.com\/?page_id=4905"},"modified":"2023-06-12T00:34:15","modified_gmt":"2023-06-12T00:34:15","slug":"novedades","status":"publish","type":"page","link":"https:\/\/vps-3111518-x.dattaweb.com\/index.php\/novedades\/","title":{"rendered":"Novedades"},"content":{"rendered":"\n<div class=\"gb-grid-wrapper gb-grid-wrapper-18f394de gb-query-loop-wrapper\">\n<div class=\"gb-grid-column gb-grid-column-d437b81a gb-query-loop-item post-1 post type-post status-publish format-standard has-post-thumbnail hentry category-formacion\"><div class=\"gb-container gb-container-d437b81a\">\n<figure class=\"gb-block-image gb-block-image-2e599635\"><img loading=\"lazy\" width=\"768\" height=\"499\" src=\"https:\/\/vps-3111518-x.dattaweb.com\/wp-content\/uploads\/2023\/03\/img-20220912-wa00342166536625517782160-e1682996068283.webp\" class=\"gb-image-2e599635\" alt=\"\" decoding=\"async\" srcset=\"https:\/\/vps-3111518-x.dattaweb.com\/wp-content\/uploads\/2023\/03\/img-20220912-wa00342166536625517782160-e1682996068283.webp 768w, https:\/\/vps-3111518-x.dattaweb.com\/wp-content\/uploads\/2023\/03\/img-20220912-wa00342166536625517782160-e1682996068283-300x195.webp 300w\" sizes=\"(max-width: 768px) 100vw, 768px\" \/><\/figure>\n\n<h2 class=\"gb-headline gb-headline-4f0847a1 gb-headline-text\"><a href=\"https:\/\/vps-3111518-x.dattaweb.com\/index.php\/2022\/09\/12\/hello-world\/\">Capacitaci\u00f3n VILA<\/a><\/h2>\n\n<p class=\"gb-headline gb-headline-c745b462 gb-headline-text\"><time class=\"entry-date published\" datetime=\"2022-09-12T12:29:00+00:00\">septiembre 12, 2022<\/time><\/p>\n\n<div class=\"gb-headline gb-headline-caf73c26 gb-headline-text\">Personal de la Cooperativa de Agua Potable Tostado, particip\u00f3 de la cuarta y \u00faltima jornada de capacitaci\u00f3n VILA (Visi\u00f3n \u2013 Innovaci\u00f3n- Liderazgo- Asociativismo ), en la localidad de Sunchales. Donde &#8230; <a title=\"Capacitaci\u00f3n VILA\" class=\"read-more\" href=\"https:\/\/vps-3111518-x.dattaweb.com\/index.php\/2022\/09\/12\/hello-world\/\" aria-label=\"More on Capacitaci\u00f3n VILA\">Leer m\u00e1s<\/a><\/div>\n<\/div><\/div>\n\n<div class=\"gb-grid-column gb-grid-column-d437b81a gb-query-loop-item post-4078 post type-post status-publish format-standard has-post-thumbnail hentry category-generales\"><div class=\"gb-container gb-container-d437b81a\">\n<figure class=\"gb-block-image gb-block-image-2e599635\"><img loading=\"lazy\" width=\"1600\" height=\"1067\" src=\"https:\/\/vps-3111518-x.dattaweb.com\/wp-content\/uploads\/2020\/10\/pexels-daria-shevtsova-1257110.jpg\" class=\"gb-image-2e599635\" alt=\"\" decoding=\"async\" srcset=\"https:\/\/vps-3111518-x.dattaweb.com\/wp-content\/uploads\/2020\/10\/pexels-daria-shevtsova-1257110.jpg 1600w, https:\/\/vps-3111518-x.dattaweb.com\/wp-content\/uploads\/2020\/10\/pexels-daria-shevtsova-1257110-300x200.jpg 300w, https:\/\/vps-3111518-x.dattaweb.com\/wp-content\/uploads\/2020\/10\/pexels-daria-shevtsova-1257110-1024x683.jpg 1024w, https:\/\/vps-3111518-x.dattaweb.com\/wp-content\/uploads\/2020\/10\/pexels-daria-shevtsova-1257110-768x512.jpg 768w, https:\/\/vps-3111518-x.dattaweb.com\/wp-content\/uploads\/2020\/10\/pexels-daria-shevtsova-1257110-1536x1024.jpg 1536w\" sizes=\"(max-width: 1600px) 100vw, 1600px\" \/><\/figure>\n\n<h2 class=\"gb-headline gb-headline-4f0847a1 gb-headline-text\"><a href=\"https:\/\/vps-3111518-x.dattaweb.com\/index.php\/2020\/10\/28\/seasonal-health-tips-from-our-physicians\/\">Seasonal health tips from our physicians<\/a><\/h2>\n\n<p class=\"gb-headline gb-headline-c745b462 gb-headline-text\"><time class=\"entry-date published\" datetime=\"2020-10-28T22:00:53+00:00\">octubre 28, 2020<\/time><\/p>\n\n<div class=\"gb-headline gb-headline-caf73c26 gb-headline-text\">What you can do to stay healthy this fall. Suscipit taciti primis tempor sagittis euismod libero facilisi aptent elementum felis blandit cursus gravida sociis eleifend lectus nullam dapibus netus feugiat &#8230; <a title=\"Seasonal health tips from our physicians\" class=\"read-more\" href=\"https:\/\/vps-3111518-x.dattaweb.com\/index.php\/2020\/10\/28\/seasonal-health-tips-from-our-physicians\/\" aria-label=\"More on Seasonal health tips from our physicians\">Leer m\u00e1s<\/a><\/div>\n<\/div><\/div>\n\n<div class=\"gb-grid-column gb-grid-column-d437b81a gb-query-loop-item post-4148 post type-post status-publish format-standard has-post-thumbnail hentry category-gestiones\"><div class=\"gb-container gb-container-d437b81a\">\n<figure class=\"gb-block-image gb-block-image-2e599635\"><img loading=\"lazy\" width=\"1600\" height=\"1067\" src=\"https:\/\/vps-3111518-x.dattaweb.com\/wp-content\/uploads\/2020\/10\/dan-dimmock-sNwnjxm8eTY-unsplash.jpg\" class=\"gb-image-2e599635\" alt=\"\" decoding=\"async\" srcset=\"https:\/\/vps-3111518-x.dattaweb.com\/wp-content\/uploads\/2020\/10\/dan-dimmock-sNwnjxm8eTY-unsplash.jpg 1600w, https:\/\/vps-3111518-x.dattaweb.com\/wp-content\/uploads\/2020\/10\/dan-dimmock-sNwnjxm8eTY-unsplash-300x200.jpg 300w, https:\/\/vps-3111518-x.dattaweb.com\/wp-content\/uploads\/2020\/10\/dan-dimmock-sNwnjxm8eTY-unsplash-1024x683.jpg 1024w, https:\/\/vps-3111518-x.dattaweb.com\/wp-content\/uploads\/2020\/10\/dan-dimmock-sNwnjxm8eTY-unsplash-768x512.jpg 768w, https:\/\/vps-3111518-x.dattaweb.com\/wp-content\/uploads\/2020\/10\/dan-dimmock-sNwnjxm8eTY-unsplash-1536x1024.jpg 1536w\" sizes=\"(max-width: 1600px) 100vw, 1600px\" \/><\/figure>\n\n<h2 class=\"gb-headline gb-headline-4f0847a1 gb-headline-text\"><a href=\"https:\/\/vps-3111518-x.dattaweb.com\/index.php\/2020\/10\/28\/insurance-changes-taking-effect-next-year\/\">Insurance changes taking effect next year<\/a><\/h2>\n\n<p class=\"gb-headline gb-headline-c745b462 gb-headline-text\"><time class=\"entry-date published\" datetime=\"2020-10-28T21:00:42+00:00\">octubre 28, 2020<\/time><\/p>\n\n<div class=\"gb-headline gb-headline-caf73c26 gb-headline-text\">Plan ahead for your 2021 insurance budget. Suscipit taciti primis tempor sagittis euismod libero facilisi aptent elementum felis blandit cursus gravida sociis eleifend lectus nullam dapibus netus feugiat curae curabitur &#8230; <a title=\"Insurance changes taking effect next year\" class=\"read-more\" href=\"https:\/\/vps-3111518-x.dattaweb.com\/index.php\/2020\/10\/28\/insurance-changes-taking-effect-next-year\/\" aria-label=\"More on Insurance changes taking effect next year\">Leer m\u00e1s<\/a><\/div>\n<\/div><\/div>\n<\/div>\n","protected":false},"excerpt":{"rendered":"","protected":false},"author":1,"featured_media":0,"parent":0,"menu_order":0,"comment_status":"closed","ping_status":"closed","template":"","meta":{"footnotes":""},"_links":{"self":[{"href":"https:\/\/vps-3111518-x.dattaweb.com\/index.php\/wp-json\/wp\/v2\/pages\/4905"}],"collection":[{"href":"https:\/\/vps-3111518-x.dattaweb.com\/index.php\/wp-json\/wp\/v2\/pages"}],"about":[{"href":"https:\/\/vps-3111518-x.dattaweb.com\/index.php\/wp-json\/wp\/v2\/types\/page"}],"author":[{"embeddable":true,"href":"https:\/\/vps-3111518-x.dattaweb.com\/index.php\/wp-json\/wp\/v2\/users\/1"}],"replies":[{"embeddable":true,"href":"https:\/\/vps-3111518-x.dattaweb.com\/index.php\/wp-json\/wp\/v2\/comments?post=4905"}],"version-history":[{"count":1,"href":"https:\/\/vps-3111518-x.dattaweb.com\/index.php\/wp-json\/wp\/v2\/pages\/4905\/revisions"}],"predecessor-version":[{"id":4937,"href":"https:\/\/vps-3111518-x.dattaweb.com\/index.php\/wp-json\/wp\/v2\/pages\/4905\/revisions\/4937"}],"wp:attachment":[{"href":"https:\/\/vps-3111518-x.dattaweb.com\/index.php\/wp-json\/wp\/v2\/media?parent=4905"}],"curies":[{"name":"wp","href":"https:\/\/api.w.org\/{rel}","templated":true}]}}